{"id":86,"date":"2021-08-10T17:04:39","date_gmt":"2021-08-10T15:04:39","guid":{"rendered":"https:\/\/ergotherapie-muehlleitner.de\/wp_em\/?page_id=86"},"modified":"2024-12-12T14:16:57","modified_gmt":"2024-12-12T13:16:57","slug":"was-ist-ergo","status":"publish","type":"page","link":"https:\/\/ergotherapie-muehlleitner.de\/wp_em\/was-ist-ergo\/","title":{"rendered":"Was ist Ergo?"},"content":{"rendered":"<p style=\"text-align: center;\">Kurz und knapp l\u00e4sst sich die Ergotherapie eigentlich gar nicht beschreiben. Daf\u00fcr ist sie viel zu breit gef\u00e4chert.<\/p>\n<p style=\"text-align: center;\">Um aber ein paar der wichtigsten Merkmale zu nennen:<\/p>\n<p style=\"text-align: center;\">Die Ergotherapie besch\u00e4ftigt sich mit Menschen jeden Alters. Wer zur Ergotherapie kommt, kann Probleme \/ Schwierigkeiten in folgenden Bereichen haben<\/p>\n\n\n<br>\n\n\n\n<p class=\"has-text-align-center\"><strong>Selbstst\u00e4ndige Bew\u00e4ltigung des t\u00e4glichen Lebens<\/strong><\/p>\n\n\n\n<p class=\"has-text-align-center\"><strong>Teilhabe (also das Eingebundensein) am sozialen Leben<\/strong><\/p>\n\n\n\n<p class=\"has-text-align-center\"><strong>Ausf\u00fchrung von Bet\u00e4tigungen (also alle Handlung mit ihren jeweiligen Teilschritten, die f\u00fcr ein selbstbestimmtes Leben in und mit der Gesellschaft notwendig sind)<\/strong><\/p>\n\n\n\n<br>\n\n\n<p style=\"text-align: center;\">Im Mittelpunkt unseres therapeutischen Handelns steht immer der Mensch mit seinen St\u00e4rken, Schw\u00e4chen, Bed\u00fcrfnissen und Zielen. Ob Alltagstraining, manuelle Techniken, entwicklungs- bzw. kompetenzf\u00f6rdernde Spiele, funktionelles Hirnleistungstraining oder inspirierende Gespr\u00e4che &#8211; in der Ergotherapie ist f\u00fcr jeden das Richtige dabei.<\/p>","protected":false},"excerpt":{"rendered":"<p>Kurz und knapp l\u00e4sst sich die Ergotherapie eigentlich gar nicht beschreiben. Daf\u00fcr ist sie viel zu breit gef\u00e4chert. Um aber ein paar der wichtigsten Merkmale zu nennen: Die Ergotherapie besch\u00e4ftigt sich mit Menschen jeden Alters. Wer zur Ergotherapie kommt, kann Probleme \/ Schwierigkeiten in folgenden Bereichen haben Selbstst\u00e4ndige Bew\u00e4ltigung des t\u00e4glichen Lebens Teilhabe (also das Eingebundensein) am sozialen Leben Ausf\u00fchrung von Bet\u00e4tigungen (also alle Handlung mit ihren jeweiligen Teilschritten, die f\u00fcr ein selbstbestimmtes Leben in und mit der Gesellschaft notwendig sind) Im Mittelpunkt unseres therapeutischen Handelns steht immer der Mensch mit seinen St\u00e4rken, Schw\u00e4chen, Bed\u00fcrfnissen und Zielen. Ob Alltagstraining, manuelle Techniken, entwicklungs- bzw. kompetenzf\u00f6rdernde Spiele, funktionelles Hirnleistungstraining oder inspirierende Gespr\u00e4che &#8211; in der Ergotherapie ist f\u00fcr jeden das Richtige dabei.<\/p>\n","protected":false},"author":3,"featured_media":0,"parent":0,"menu_order":0,"comment_status":"closed","ping_status":"closed","template":"","meta":{"footnotes":""},"class_list":["post-86","page","type-page","status-publish","hentry"],"_links":{"self":[{"href":"https:\/\/ergotherapie-muehlleitner.de\/wp_em\/wp-json\/wp\/v2\/pages\/86","targetHints":{"allow":["GET"]}}],"collection":[{"href":"https:\/\/ergotherapie-muehlleitner.de\/wp_em\/wp-json\/wp\/v2\/pages"}],"about":[{"href":"https:\/\/ergotherapie-muehlleitner.de\/wp_em\/wp-json\/wp\/v2\/types\/page"}],"author":[{"embeddable":true,"href":"https:\/\/ergotherapie-muehlleitner.de\/wp_em\/wp-json\/wp\/v2\/users\/3"}],"replies":[{"embeddable":true,"href":"https:\/\/ergotherapie-muehlleitner.de\/wp_em\/wp-json\/wp\/v2\/comments?post=86"}],"version-history":[{"count":14,"href":"https:\/\/ergotherapie-muehlleitner.de\/wp_em\/wp-json\/wp\/v2\/pages\/86\/revisions"}],"predecessor-version":[{"id":443,"href":"https:\/\/ergotherapie-muehlleitner.de\/wp_em\/wp-json\/wp\/v2\/pages\/86\/revisions\/443"}],"wp:attachment":[{"href":"https:\/\/ergotherapie-muehlleitner.de\/wp_em\/wp-json\/wp\/v2\/media?parent=86"}],"curies":[{"name":"wp","href":"https:\/\/api.w.org\/{rel}","templated":true}]}}