{"id":84,"date":"2021-08-10T17:04:01","date_gmt":"2021-08-10T15:04:01","guid":{"rendered":"https:\/\/ergotherapie-muehlleitner.de\/wp_em\/?page_id=84"},"modified":"2026-03-31T15:57:38","modified_gmt":"2026-03-31T13:57:38","slug":"zusatzangebote","status":"publish","type":"page","link":"https:\/\/ergotherapie-muehlleitner.de\/wp_em\/zusatzangebote\/","title":{"rendered":"Zusatzangebote"},"content":{"rendered":"\n<p>Wim Hof Methode Grundlagen Workshop 18.04.26 von 10:00 Uhr bis 14:00 Uhr im Rehsteig 1 in 92318 Neumarkt. Anmeldung und Infos unter <a href=\"http:\/\/muehlleitner.de\" data-type=\"link\" data-id=\"muehlleitner.de\">muehlleitner.de<\/a><\/p>\n\n\n\n<div class=\"wp-block-cover\"><img loading=\"lazy\" decoding=\"async\" width=\"698\" height=\"730\" class=\"wp-block-cover__image-background wp-image-548\" alt=\"Wim Hof Methode Workshop, Neumarkt i.d.Opf.\" src=\"https:\/\/ergotherapie-muehlleitner.de\/wp_em\/wp-content\/uploads\/2026\/03\/Bildschirmfoto-2026-01-01-um-19.26.55.png\" data-object-fit=\"cover\" srcset=\"https:\/\/ergotherapie-muehlleitner.de\/wp_em\/wp-content\/uploads\/2026\/03\/Bildschirmfoto-2026-01-01-um-19.26.55.png 698w, https:\/\/ergotherapie-muehlleitner.de\/wp_em\/wp-content\/uploads\/2026\/03\/Bildschirmfoto-2026-01-01-um-19.26.55-287x300.png 287w, https:\/\/ergotherapie-muehlleitner.de\/wp_em\/wp-content\/uploads\/2026\/03\/Bildschirmfoto-2026-01-01-um-19.26.55-24x24.png 24w, https:\/\/ergotherapie-muehlleitner.de\/wp_em\/wp-content\/uploads\/2026\/03\/Bildschirmfoto-2026-01-01-um-19.26.55-34x36.png 34w, https:\/\/ergotherapie-muehlleitner.de\/wp_em\/wp-content\/uploads\/2026\/03\/Bildschirmfoto-2026-01-01-um-19.26.55-46x48.png 46w\" sizes=\"auto, (max-width: 698px) 100vw, 698px\" \/><span aria-hidden=\"true\" class=\"wp-block-cover__background has-background-dim\"><\/span><div class=\"wp-block-cover__inner-container is-layout-flow wp-block-cover-is-layout-flow\">\n<h2 class=\"wp-block-heading\"><\/h2>\n<\/div><\/div>\n\n\n\n<p><\/p>\n\n\n\n<div class=\"wp-block-media-text is-stacked-on-mobile\"><figure class=\"wp-block-media-text__media\"><img loading=\"lazy\" decoding=\"async\" width=\"652\" height=\"861\" src=\"https:\/\/ergotherapie-muehlleitner.de\/wp_em\/wp-content\/uploads\/2026\/01\/Bildschirmfoto-2026-01-11-um-17.03.46-5.png\" alt=\"\" class=\"wp-image-540 size-full\" srcset=\"https:\/\/ergotherapie-muehlleitner.de\/wp_em\/wp-content\/uploads\/2026\/01\/Bildschirmfoto-2026-01-11-um-17.03.46-5.png 652w, https:\/\/ergotherapie-muehlleitner.de\/wp_em\/wp-content\/uploads\/2026\/01\/Bildschirmfoto-2026-01-11-um-17.03.46-5-227x300.png 227w, https:\/\/ergotherapie-muehlleitner.de\/wp_em\/wp-content\/uploads\/2026\/01\/Bildschirmfoto-2026-01-11-um-17.03.46-5-18x24.png 18w, https:\/\/ergotherapie-muehlleitner.de\/wp_em\/wp-content\/uploads\/2026\/01\/Bildschirmfoto-2026-01-11-um-17.03.46-5-27x36.png 27w, https:\/\/ergotherapie-muehlleitner.de\/wp_em\/wp-content\/uploads\/2026\/01\/Bildschirmfoto-2026-01-11-um-17.03.46-5-36x48.png 36w\" sizes=\"auto, (max-width: 652px) 100vw, 652px\" \/><\/figure><div class=\"wp-block-media-text__content\">\n<p><strong>Kurs: Autogenes Training<\/strong><\/p>\n\n\n\n\n\n<p>Termin: 27.01 ; 03.02; 10.02; 24.02; 03.03; 10.03; 17.03; 24.03 jeweils von 1900-2030Uhr&nbsp;<\/p>\n\n\n\n\n\n<p>Veranstaltungsort: Regensburger Stra\u00dfe 110 1.OG<\/p>\n\n\n\n<p>Kosten: 150 \u20ac gesamt, bei Teilnahme an allen Kursetage erstattet die Krankenkasse die Kosten anteilig oder komplett<\/p>\n\n\n\n<p><strong>Schalte den Kopf aus und die Erholung an: Dein Dienstags-Ritual in Neumarkt.<\/strong>&nbsp;<strong>Erlerne bei Philipp M\u00fchlleitner die Kunst der tiefen mentalen Entspannung.<\/strong>&nbsp;<strong>Acht Termine f\u00fcr dich \u2013 informativ, wirkungsvoll und von der Krankenkasse gef\u00f6rdert.<\/strong> Melde Dich bei Interesse gerne per Mail unter <a href=\"javascript:DeCryptX('0e3u3j1p3w3k3h2t2c1q3l1f203p1v2g2j2n3o1f2k3w0n0e0r3C2i0m2c0i0l1\/1d3r1n')\">e&#114;got&#104;er&#97;pie.&#109;&#117;eh&#108;l&#101;&#105;t&#110;&#101;&#114;&#64;gm&#97;&#105;&#108;&#46;&#99;&#111;&#109;<\/a> oder telefonisch unter 09181\/4061108 bzw. WhatsApp 01515\/5236745<\/p>\n<\/div><\/div>\n\n\n\n<p><\/p>\n\n\n\n<div class=\"wp-block-group\"><div class=\"wp-block-group__inner-container is-layout-constrained wp-block-group-is-layout-constrained\">\n<div class=\"wp-block-group\"><div class=\"wp-block-group__inner-container is-layout-constrained wp-block-group-is-layout-constrained\">\n<p class=\"Nordic walking Neumarkt has-medium-font-size\" id=\"NordicWalking\"><\/p>\n\n\n\n<p class=\"has-medium-font-size\"><strong>Trommelkurse auf Anfrage in  Unternehmen,Schulen und Sozialen Einrichtungen<\/strong><\/p>\n\n\n\n<p>(Infos und Anmeldung zum aktuellen Kurs f\u00fcr Kinder mit und ohne Handicap \u00fcber\/bei unserem Kooperationspartner, der VHS <a href=\"https:\/\/www.vhs-neumarkt.de\/programm\/kultur\/kurs\/Trommeln-fuer-Kinder-mit-und-ohne-Handicap\/B213901H?Contrast=858\">https:\/\/www.vhs-neumarkt.de\/programm\/kultur\/kurs\/Trommeln-fuer-Kinder-mit-und-ohne-Handicap\/B213901H?Contrast=858<\/a><img loading=\"lazy\" decoding=\"async\" width=\"150\" height=\"76\" class=\"wp-image-457\" style=\"width: 150px;\" src=\"https:\/\/ergotherapie-muehlleitner.de\/wp_em\/wp-content\/uploads\/2025\/01\/IMG-20161112-WA0008.jpg\" alt=\"\" srcset=\"https:\/\/ergotherapie-muehlleitner.de\/wp_em\/wp-content\/uploads\/2025\/01\/IMG-20161112-WA0008.jpg 1520w, https:\/\/ergotherapie-muehlleitner.de\/wp_em\/wp-content\/uploads\/2025\/01\/IMG-20161112-WA0008-300x152.jpg 300w, https:\/\/ergotherapie-muehlleitner.de\/wp_em\/wp-content\/uploads\/2025\/01\/IMG-20161112-WA0008-1024x519.jpg 1024w, https:\/\/ergotherapie-muehlleitner.de\/wp_em\/wp-content\/uploads\/2025\/01\/IMG-20161112-WA0008-768x390.jpg 768w, https:\/\/ergotherapie-muehlleitner.de\/wp_em\/wp-content\/uploads\/2025\/01\/IMG-20161112-WA0008-1080x540.jpg 1080w, https:\/\/ergotherapie-muehlleitner.de\/wp_em\/wp-content\/uploads\/2025\/01\/IMG-20161112-WA0008-1140x578.jpg 1140w, https:\/\/ergotherapie-muehlleitner.de\/wp_em\/wp-content\/uploads\/2025\/01\/IMG-20161112-WA0008-24x12.jpg 24w, https:\/\/ergotherapie-muehlleitner.de\/wp_em\/wp-content\/uploads\/2025\/01\/IMG-20161112-WA0008-36x18.jpg 36w, https:\/\/ergotherapie-muehlleitner.de\/wp_em\/wp-content\/uploads\/2025\/01\/IMG-20161112-WA0008-48x24.jpg 48w\" sizes=\"auto, (max-width: 150px) 100vw, 150px\" \/><\/p>\n\n\n\n<p><\/p>\n\n\n\n<p class=\"has-medium-font-size\"><\/p>\n<\/div><\/div>\n<\/div><\/div>\n\n\n\n<p class=\"has-text-align-center has-medium-font-size\"><strong>W<span style=\"background-color:rgba(0, 0, 0, 0)\" class=\"has-inline-color has-black-color\">ellnessbehandlung 60 Minuten<\/span><\/strong><\/p>\n\n\n\n<p class=\"has-text-align-center\">Dich erwartet eine Stunde ganzheitlicher Entspannung.<\/p>\n\n\n\n<p class=\"has-text-align-center\">Entfliehe dem Alltagsstress und lasse Dich von sanften Kl\u00e4ngen, wohliger W\u00e4rme und einer Mischung aus verschiedenen Entspannungs- und Massagetechniken verw\u00f6hnen.<\/p>\n\n\n\n<p class=\"has-text-align-center\">Kosten: 60 Minuten f\u00fcr 70,- Euro. Auch als Gutschein erh\u00e4ltlich \ud83d\ude42<\/p>\n\n\n\n<p class=\"has-text-align-center\">Melde Dich bei Interesse gerne per Mail unter <a href=\"javascript:DeCryptX('1j2p2h1p2B1f0r1h1p1u3k1f0r0a1q0i1f302o2w1f2j2n0l1f2k3w2p3h1s312f2g')\">in&#102;&#111;&#64;e&#114;&#103;&#111;&#116;he&#114;api&#101;-mue&#104;l&#108;e&#105;&#116;n&#101;r.de<\/a> oder telefonisch unter 09181\/4061108<\/p>\n\n\n\n<p><\/p>\n","protected":false},"excerpt":{"rendered":"<p>Wim Hof Methode Grundlagen Workshop 18.04.26 von 10:00 Uhr bis 14:00 Uhr im Rehsteig 1 in 92318 Neumarkt. Anmeldung und Infos unter muehlleitner.de Trommelkurse auf Anfrage in Unternehmen,Schulen und Sozialen Einrichtungen (Infos und Anmeldung zum aktuellen Kurs f\u00fcr Kinder mit und ohne Handicap \u00fcber\/bei unserem Kooperationspartner, der VHS https:\/\/www.vhs-neumarkt.de\/programm\/kultur\/kurs\/Trommeln-fuer-Kinder-mit-und-ohne-Handicap\/B213901H?Contrast=858 Wellnessbehandlung 60 Minuten Dich erwartet eine Stunde ganzheitlicher Entspannung. Entfliehe dem Alltagsstress und lasse Dich von sanften Kl\u00e4ngen, wohliger W\u00e4rme und einer Mischung aus verschiedenen Entspannungs- und Massagetechniken verw\u00f6hnen. Kosten: 60 Minuten f\u00fcr 70,- Euro. Auch als Gutschein erh\u00e4ltlich \ud83d\ude42 Melde Dich bei Interesse gerne per Mail unter &#105;nf&#111;&#64;ergo&#116;&#104;e&#114;&#97;&#112;i&#101;&#45;&#109;ueh&#108;&#108;e&#105;t&#110;&#101;r&#46;&#100;e oder telefonisch unter 09181\/4061108<\/p>\n","protected":false},"author":2,"featured_media":0,"parent":0,"menu_order":0,"comment_status":"closed","ping_status":"closed","template":"","meta":{"footnotes":""},"class_list":["post-84","page","type-page","status-publish","hentry"],"_links":{"self":[{"href":"https:\/\/ergotherapie-muehlleitner.de\/wp_em\/wp-json\/wp\/v2\/pages\/84","targetHints":{"allow":["GET"]}}],"collection":[{"href":"https:\/\/ergotherapie-muehlleitner.de\/wp_em\/wp-json\/wp\/v2\/pages"}],"about":[{"href":"https:\/\/ergotherapie-muehlleitner.de\/wp_em\/wp-json\/wp\/v2\/types\/page"}],"author":[{"embeddable":true,"href":"https:\/\/ergotherapie-muehlleitner.de\/wp_em\/wp-json\/wp\/v2\/users\/2"}],"replies":[{"embeddable":true,"href":"https:\/\/ergotherapie-muehlleitner.de\/wp_em\/wp-json\/wp\/v2\/comments?post=84"}],"version-history":[{"count":14,"href":"https:\/\/ergotherapie-muehlleitner.de\/wp_em\/wp-json\/wp\/v2\/pages\/84\/revisions"}],"predecessor-version":[{"id":549,"href":"https:\/\/ergotherapie-muehlleitner.de\/wp_em\/wp-json\/wp\/v2\/pages\/84\/revisions\/549"}],"wp:attachment":[{"href":"https:\/\/ergotherapie-muehlleitner.de\/wp_em\/wp-json\/wp\/v2\/media?parent=84"}],"curies":[{"name":"wp","href":"https:\/\/api.w.org\/{rel}","templated":true}]}}