{"id":80,"date":"2021-08-10T17:02:41","date_gmt":"2021-08-10T15:02:41","guid":{"rendered":"https:\/\/ergotherapie-muehlleitner.de\/wp_em\/?page_id=80"},"modified":"2024-12-12T14:41:15","modified_gmt":"2024-12-12T13:41:15","slug":"startseite","status":"publish","type":"page","link":"https:\/\/ergotherapie-muehlleitner.de\/wp_em\/","title":{"rendered":"Startseite"},"content":{"rendered":"<h2 style=\"text-align: center;\">HERZLICH WILLKOMMEN BEI DER ERGOTHERAPIEPRAXIS M\u00dcHLLEITNER<\/h2>\n\n\n<figure class=\"wp-block-gallery has-nested-images columns-default wp-block-gallery-1 is-layout-flex wp-block-gallery-is-layout-flex\">\n<figure class=\"wp-block-image size-full\"><img loading=\"lazy\" decoding=\"async\" width=\"1024\" height=\"768\" data-id=\"411\" src=\"https:\/\/ergotherapie-muehlleitner.de\/wp_em\/wp-content\/uploads\/2024\/09\/image.jpeg\" alt=\"\" class=\"wp-image-411\" srcset=\"https:\/\/ergotherapie-muehlleitner.de\/wp_em\/wp-content\/uploads\/2024\/09\/image.jpeg 1024w, https:\/\/ergotherapie-muehlleitner.de\/wp_em\/wp-content\/uploads\/2024\/09\/image-300x225.jpeg 300w, https:\/\/ergotherapie-muehlleitner.de\/wp_em\/wp-content\/uploads\/2024\/09\/image-768x576.jpeg 768w, https:\/\/ergotherapie-muehlleitner.de\/wp_em\/wp-content\/uploads\/2024\/09\/image-24x18.jpeg 24w, https:\/\/ergotherapie-muehlleitner.de\/wp_em\/wp-content\/uploads\/2024\/09\/image-36x27.jpeg 36w, https:\/\/ergotherapie-muehlleitner.de\/wp_em\/wp-content\/uploads\/2024\/09\/image-48x36.jpeg 48w\" sizes=\"auto, (max-width: 1024px) 100vw, 1024px\" \/><\/figure>\n<\/figure>\n\n\n\n<figure class=\"wp-block-pullquote\"><blockquote><p>?Put the <strong>fun<\/strong> into <strong>fun<\/strong>ctional?<\/p><cite>Den Spa\u00df (also die eigenen Ressourcen und St\u00e4rken) in etwas funktionelles verwandeln und zum Vorteil der Therapie nutzen.<\/cite><\/blockquote><\/figure>\n\n\n\n<p class=\"has-text-align-center\">Wir begleiten und unterst\u00fctzen Jung und Alt dabei, sich selbst zu entdecken, sich kompetent zu erleben und sich in der Hektik unseres allt\u00e4glichen Lebens zurecht zu finden.<\/p>\n\n\n<ul class=\"wp-block-tt-accordion \"><\/ul>","protected":false},"excerpt":{"rendered":"<p>HERZLICH WILLKOMMEN BEI DER ERGOTHERAPIEPRAXIS M\u00dcHLLEITNER ?Put the fun into functional? Den Spa\u00df (also die eigenen Ressourcen und St\u00e4rken) in etwas funktionelles verwandeln und zum Vorteil der Therapie nutzen. Wir begleiten und unterst\u00fctzen Jung und Alt dabei, sich selbst zu entdecken, sich kompetent zu erleben und sich in der Hektik unseres allt\u00e4glichen Lebens zurecht zu finden.<\/p>\n","protected":false},"author":3,"featured_media":0,"parent":0,"menu_order":0,"comment_status":"closed","ping_status":"closed","template":"","meta":{"footnotes":""},"class_list":["post-80","page","type-page","status-publish","hentry"],"_links":{"self":[{"href":"https:\/\/ergotherapie-muehlleitner.de\/wp_em\/wp-json\/wp\/v2\/pages\/80","targetHints":{"allow":["GET"]}}],"collection":[{"href":"https:\/\/ergotherapie-muehlleitner.de\/wp_em\/wp-json\/wp\/v2\/pages"}],"about":[{"href":"https:\/\/ergotherapie-muehlleitner.de\/wp_em\/wp-json\/wp\/v2\/types\/page"}],"author":[{"embeddable":true,"href":"https:\/\/ergotherapie-muehlleitner.de\/wp_em\/wp-json\/wp\/v2\/users\/3"}],"replies":[{"embeddable":true,"href":"https:\/\/ergotherapie-muehlleitner.de\/wp_em\/wp-json\/wp\/v2\/comments?post=80"}],"version-history":[{"count":25,"href":"https:\/\/ergotherapie-muehlleitner.de\/wp_em\/wp-json\/wp\/v2\/pages\/80\/revisions"}],"predecessor-version":[{"id":464,"href":"https:\/\/ergotherapie-muehlleitner.de\/wp_em\/wp-json\/wp\/v2\/pages\/80\/revisions\/464"}],"wp:attachment":[{"href":"https:\/\/ergotherapie-muehlleitner.de\/wp_em\/wp-json\/wp\/v2\/media?parent=80"}],"curies":[{"name":"wp","href":"https:\/\/api.w.org\/{rel}","templated":true}]}}