{"id":287,"date":"2021-09-20T09:50:21","date_gmt":"2021-09-20T07:50:21","guid":{"rendered":"https:\/\/ergotherapie-muehlleitner.de\/wp_em\/?page_id=287"},"modified":"2025-11-26T21:37:36","modified_gmt":"2025-11-26T20:37:36","slug":"aktuelles","status":"publish","type":"page","link":"https:\/\/ergotherapie-muehlleitner.de\/wp_em\/aktuelles\/","title":{"rendered":"Aktuelles"},"content":{"rendered":"\n<figure class=\"wp-block-pullquote\"><blockquote><p>Die neue Praxis<\/p><\/blockquote><\/figure>\n\n\n\n<figure class=\"wp-block-embed is-type-video is-provider-youtube wp-block-embed-youtube wp-embed-aspect-9-16 wp-has-aspect-ratio\"><div class=\"wp-block-embed__wrapper\">\n<iframe loading=\"lazy\" title=\"Da tut sich was in #neumarktinderoberpfalz ! #ergotherapie\" width=\"563\" height=\"1000\" src=\"https:\/\/www.youtube.com\/embed\/cx27rTvlFCA?feature=oembed\" frameborder=\"0\" allow=\"accelerometer; autoplay; clipboard-write; encrypted-media; gyroscope; picture-in-picture; web-share\" referrerpolicy=\"strict-origin-when-cross-origin\" allowfullscreen><\/iframe>\n<\/div><\/figure>\n\n\n\n<figure class=\"wp-block-image size-large\"><img loading=\"lazy\" decoding=\"async\" width=\"724\" height=\"1024\" src=\"https:\/\/ergotherapie-muehlleitner.de\/wp_em\/wp-content\/uploads\/2025\/11\/image-724x1024.png\" alt=\"\" class=\"wp-image-531\" srcset=\"https:\/\/ergotherapie-muehlleitner.de\/wp_em\/wp-content\/uploads\/2025\/11\/image-724x1024.png 724w, https:\/\/ergotherapie-muehlleitner.de\/wp_em\/wp-content\/uploads\/2025\/11\/image-212x300.png 212w, https:\/\/ergotherapie-muehlleitner.de\/wp_em\/wp-content\/uploads\/2025\/11\/image-768x1086.png 768w, https:\/\/ergotherapie-muehlleitner.de\/wp_em\/wp-content\/uploads\/2025\/11\/image-1087x1536.png 1087w, https:\/\/ergotherapie-muehlleitner.de\/wp_em\/wp-content\/uploads\/2025\/11\/image-17x24.png 17w, https:\/\/ergotherapie-muehlleitner.de\/wp_em\/wp-content\/uploads\/2025\/11\/image-25x36.png 25w, https:\/\/ergotherapie-muehlleitner.de\/wp_em\/wp-content\/uploads\/2025\/11\/image-34x48.png 34w, https:\/\/ergotherapie-muehlleitner.de\/wp_em\/wp-content\/uploads\/2025\/11\/image.png 1132w\" sizes=\"auto, (max-width: 724px) 100vw, 724px\" \/><\/figure>\n\n\n\n<p>Hallo Neumarkt!<br>Am Freitag den 28.11.2025 ist es endlich soweit und wir d\u00fcrfen euch zu unserem Tag der offenen T\u00fcr in der neuen Praxis begr\u00fc\u00dfen!<br>Ihr findet uns ab jetzt in der Regensburger Stra\u00dfe 110 im ersten Stock.<br>Von 14:30-17:30 Uhr habt ihr die M\u00f6glichkeit, euch unsere neuen Behandlungsr\u00e4ume anzuschauen, einen kleinen Einblick in verschiedene Therapiem\u00f6glichkeiten zu bekommen, einen ergotherapeutischen Gleichgewichtsparcours f\u00fcr Jung und Alt auszuprobieren und tolle Gespr\u00e4che zu f\u00fchren.<br>F\u00fcr eine kleine St\u00e4rkung zwischendurch ist selbstverst\u00e4ndlich gesorgt!<br>Um uns die Planung etwas zu erleichtern, w\u00fcrden wir euch bitten, euch bei Interesse unter dem folgenden Link oder \u00fcber den QR-Code unverbindlich anzumelden.<br>Wir freuen uns riesig darauf, einen tollen Nachmittag mit euch zu verbringen!<\/p>\n\n\n\n<p>Euer Team von Ergo M\u00fchlleitner<\/p>\n\n\n\n<figure class=\"wp-block-embed\"><div class=\"wp-block-embed__wrapper\">\nhttps:\/\/www.eventbrite.de\/e\/tag-der-offenen-tur-tickets-1968517561016?aff=oddtdtcreator\n<\/div><\/figure>\n\n\n\n<h1 class=\"wp-block-heading\">ergotherapie #neuer\u00f6ffnung #tagderoffenent\u00fcr #neumarktinderoberpfalz<\/h1>\n","protected":false},"excerpt":{"rendered":"<p>Die neue Praxis Hallo Neumarkt!Am Freitag den 28.11.2025 ist es endlich soweit und wir d\u00fcrfen euch zu unserem Tag der offenen T\u00fcr in der neuen Praxis begr\u00fc\u00dfen!Ihr findet uns ab jetzt in der Regensburger Stra\u00dfe 110 im ersten Stock.Von 14:30-17:30 Uhr habt ihr die M\u00f6glichkeit, euch unsere neuen Behandlungsr\u00e4ume anzuschauen, einen kleinen Einblick in verschiedene Therapiem\u00f6glichkeiten zu bekommen, einen ergotherapeutischen Gleichgewichtsparcours f\u00fcr Jung und Alt auszuprobieren und tolle Gespr\u00e4che zu f\u00fchren.F\u00fcr eine kleine St\u00e4rkung zwischendurch ist selbstverst\u00e4ndlich gesorgt!Um uns die Planung etwas zu erleichtern, w\u00fcrden wir euch bitten, euch bei Interesse unter dem folgenden Link oder \u00fcber den QR-Code unverbindlich anzumelden.Wir freuen uns riesig darauf, einen tollen Nachmittag mit euch zu verbringen! Euer Team von Ergo M\u00fchlleitner ergotherapie #neuer\u00f6ffnung #tagderoffenent\u00fcr #neumarktinderoberpfalz<\/p>\n","protected":false},"author":6,"featured_media":454,"parent":0,"menu_order":0,"comment_status":"closed","ping_status":"closed","template":"","meta":{"footnotes":""},"class_list":["post-287","page","type-page","status-publish","has-post-thumbnail","hentry"],"_links":{"self":[{"href":"https:\/\/ergotherapie-muehlleitner.de\/wp_em\/wp-json\/wp\/v2\/pages\/287","targetHints":{"allow":["GET"]}}],"collection":[{"href":"https:\/\/ergotherapie-muehlleitner.de\/wp_em\/wp-json\/wp\/v2\/pages"}],"about":[{"href":"https:\/\/ergotherapie-muehlleitner.de\/wp_em\/wp-json\/wp\/v2\/types\/page"}],"author":[{"embeddable":true,"href":"https:\/\/ergotherapie-muehlleitner.de\/wp_em\/wp-json\/wp\/v2\/users\/6"}],"replies":[{"embeddable":true,"href":"https:\/\/ergotherapie-muehlleitner.de\/wp_em\/wp-json\/wp\/v2\/comments?post=287"}],"version-history":[{"count":15,"href":"https:\/\/ergotherapie-muehlleitner.de\/wp_em\/wp-json\/wp\/v2\/pages\/287\/revisions"}],"predecessor-version":[{"id":533,"href":"https:\/\/ergotherapie-muehlleitner.de\/wp_em\/wp-json\/wp\/v2\/pages\/287\/revisions\/533"}],"wp:featuredmedia":[{"embeddable":true,"href":"https:\/\/ergotherapie-muehlleitner.de\/wp_em\/wp-json\/wp\/v2\/media\/454"}],"wp:attachment":[{"href":"https:\/\/ergotherapie-muehlleitner.de\/wp_em\/wp-json\/wp\/v2\/media?parent=287"}],"curies":[{"name":"wp","href":"https:\/\/api.w.org\/{rel}","templated":true}]}}