{"id":106,"date":"2021-08-10T17:25:36","date_gmt":"2021-08-10T15:25:36","guid":{"rendered":"https:\/\/ergotherapie-muehlleitner.de\/wp_em\/?page_id=106"},"modified":"2025-10-16T11:55:21","modified_gmt":"2025-10-16T09:55:21","slug":"datenschutzerklaerung","status":"publish","type":"page","link":"https:\/\/ergotherapie-muehlleitner.de\/wp_em\/datenschutzerklaerung\/","title":{"rendered":"Datenschutzerkl\u00e4rung"},"content":{"rendered":"<p style=\"text-align: center;\"><strong>DATENSCHUTZ ALLGEMEIN<\/strong><\/p>\n<p style=\"text-align: center;\">Evtl. \u00dcbermittelte personenbezogenen Daten (z.B. Name, Anschrift, E-Mail, Telefonnummer) werden ausschlie\u00dflich zur Bearbeitung Ihres Anliegens und entsprechend den gesetzlichen deutschen Bestimmungen verarbeitet und immer streng vertraulich behandelt.<\/p>\n<p style=\"text-align: center;\">Die nachfolgenden Vorschriften informieren Sie dar\u00fcber. Falls Sie \u00fcber verschiedene Links auf unseren Seiten auf andere Webseiten weitergeleitet werden, oder dort eine Datei herunterladen (k\u00f6nnen), informieren Sie sich bitte dort \u00fcber den jeweiligen Umgang mit Ihren Daten. Diese kann von unseren abweichen.<\/p>\n<p style=\"text-align: center;\"><strong>AUTOMATISCHE DATENERFASSUNG<\/strong><\/p>\n<p style=\"text-align: center;\">Aus technischen Gr\u00fcnden werden u.a. folgende Daten, die Ihr Internet-Browser automatisch ins Internet \u00fcbertr\u00e4gt ganz oder teilweise von unserem Google-Werbekonto gespeichert: &#8211; Browsertyp und -version &#8211; verwendetes Betriebssystem &#8211; Webseite, von der aus Sie uns besuchen (Referrer URL) &#8211; Webseite, die Sie anschlie\u00dfend besuchen &#8211; Datum und Uhrzeit Ihres Zugriffs &#8211; Ihre Internet Protokoll (IP)-Adresse Diese anonymen Daten werden getrennt von Ihren eventuell angegebenen personenbezogenen Daten gegebenenfalls bei Googel-Adwords gespeichert und lassen so keine R\u00fcckschl\u00fcsse auf eine bestimmte Person zu. Sie werden zu statistischen Zwecken ausgewertet, um unseren Internetauftritt und unsere Angebote optimieren zu k\u00f6nnen.<\/p>\n<p style=\"text-align: center;\"><strong>BESTANDSDATEN<\/strong><\/p>\n<p style=\"text-align: center;\">Ihre personenbezogenen Daten, soweit diese f\u00fcr die Begr\u00fcndung, inhaltliche Ausgestaltung oder \u00e4nderung des Vertragsverh\u00e4ltnisses erforderlich sind (Bestandsdaten), werden ausschlie\u00dflich zur Vertragsabwicklung und f\u00fcr Statistikzwecke (dann anonym) verwendet. Niemals vermieten oder verkaufen wir Ihre Daten.<\/p>\n<p style=\"text-align: center;\"><strong>COOKIES<\/strong><\/p>\n<p style=\"text-align: center;\">Es werden sog. Cookies zum Wiedererkennen mehrfacher Nutzung eines Angebots durch denselben Nutzer eingesetzt. Cookies sind kleine Textdateien, die Ihr Internet-Browser auf Ihrem Rechner ablegt und speichert. Wenn Sie unsere Seite erneut aufrufen, geben diese Cookies Informationen ab, um Sie automatisch wiederzuerkennen. Diese Wiedererkennung erfolgt aufgrund Ihrer in den Cookies gespeicherten IP-Adresse. Die so erlangten Informationen dienen dazu, unsere Angebote zu optimieren und derzeit rein statistischen Zwecken. F\u00fcr uns speichert Google diese Daten und stellt anonyme Statistiken f\u00fcr uns bereit, wenn Sie spezielle Unterseiten unseres Angebotes besuchen. Das Speichern von Cookies auf Ihrer Festplatte k\u00f6nnen Sie verhindern, indem Sie in Ihren Browser-Einstellungen &#8222;keine Cookies akzeptieren&#8220; w\u00e4hlen.<\/p>\n<p style=\"text-align: center;\"><strong>AUSKUNFT<\/strong><\/p>\n<p style=\"text-align: center;\">Auf Verlangen wird Ihnen Auskunft \u00fcber die zu Ihrer Person gespeicherten Daten erteilt. Dazu m\u00fcssen Sie sich gegebenenfalls identifizieren oder uns pers\u00f6nlich bekannt sein. Die Auskunft kann Ihnen auf Wunsch auch elektronisch erteilt werden. Bitte wenden Sie sich zur Auskunftserteilung an:<\/p>\n<p style=\"text-align: center;\">Philipp M\u00fchlleitner<br \/>staatl. gepr\u00fcfter Ergotherapeut<br \/>Regensburger Str. 110<br \/>92318 Neumarkt in der Oberpfalz<\/p>\n<p style=\"text-align: center;\">Telefon: 09181 \/ 406 110 8<br \/>Mobil: 0151 \/ 552 367 45<\/p>\n<p style=\"text-align: center;\">Email: <a>inf&#111;&#64;ergo&#116;&#104;&#101;&#114;&#97;&#112;ie&#45;m&#117;&#101;h&#108;l&#101;itner&#46;&#100;e<\/a><\/p>\n\n\n<p><\/p>\n","protected":false},"excerpt":{"rendered":"<p>DATENSCHUTZ ALLGEMEIN Evtl. \u00dcbermittelte personenbezogenen Daten (z.B. Name, Anschrift, E-Mail, Telefonnummer) werden ausschlie\u00dflich zur Bearbeitung Ihres Anliegens und entsprechend den gesetzlichen deutschen Bestimmungen verarbeitet und immer streng vertraulich behandelt. Die nachfolgenden Vorschriften informieren Sie dar\u00fcber. Falls Sie \u00fcber verschiedene Links auf unseren Seiten auf andere Webseiten weitergeleitet werden, oder dort eine Datei herunterladen (k\u00f6nnen), informieren Sie sich bitte dort \u00fcber den jeweiligen Umgang mit Ihren Daten. Diese kann von unseren abweichen. AUTOMATISCHE DATENERFASSUNG Aus technischen Gr\u00fcnden werden u.a. folgende Daten, die Ihr Internet-Browser automatisch ins Internet \u00fcbertr\u00e4gt ganz oder teilweise von unserem Google-Werbekonto gespeichert: &#8211; Browsertyp und -version &#8211; verwendetes Betriebssystem &#8211; Webseite, von der aus Sie uns besuchen (Referrer URL) &#8211; Webseite, die Sie anschlie\u00dfend besuchen &#8211; Datum und Uhrzeit Ihres Zugriffs &#8211; Ihre Internet Protokoll (IP)-Adresse Diese anonymen Daten werden getrennt von Ihren eventuell angegebenen personenbezogenen Daten gegebenenfalls bei Googel-Adwords gespeichert und lassen so keine R\u00fcckschl\u00fcsse auf eine bestimmte Person zu. Sie werden zu statistischen Zwecken ausgewertet, um unseren Internetauftritt und unsere Angebote optimieren zu k\u00f6nnen. BESTANDSDATEN Ihre personenbezogenen Daten, soweit diese f\u00fcr die Begr\u00fcndung, inhaltliche Ausgestaltung oder \u00e4nderung des Vertragsverh\u00e4ltnisses erforderlich sind (Bestandsdaten), werden ausschlie\u00dflich zur Vertragsabwicklung und f\u00fcr Statistikzwecke (dann anonym) verwendet. Niemals vermieten oder verkaufen wir Ihre Daten. COOKIES Es werden sog. Cookies zum Wiedererkennen mehrfacher Nutzung eines Angebots durch denselben Nutzer eingesetzt. Cookies sind kleine Textdateien, die Ihr Internet-Browser auf Ihrem Rechner ablegt und speichert. Wenn Sie unsere Seite erneut aufrufen, geben diese Cookies Informationen ab, um Sie automatisch wiederzuerkennen. Diese Wiedererkennung erfolgt aufgrund Ihrer in den Cookies gespeicherten IP-Adresse. Die so erlangten Informationen dienen dazu, unsere Angebote zu optimieren und derzeit rein statistischen Zwecken. F\u00fcr uns speichert Google diese Daten und stellt anonyme Statistiken f\u00fcr uns bereit, wenn Sie spezielle Unterseiten unseres Angebotes besuchen. Das Speichern von Cookies auf Ihrer Festplatte k\u00f6nnen Sie verhindern, indem Sie in Ihren Browser-Einstellungen &#8222;keine Cookies akzeptieren&#8220; w\u00e4hlen. AUSKUNFT Auf Verlangen wird Ihnen Auskunft \u00fcber die zu Ihrer Person gespeicherten Daten erteilt. Dazu m\u00fcssen Sie sich gegebenenfalls identifizieren oder uns pers\u00f6nlich bekannt sein. Die Auskunft kann Ihnen auf Wunsch auch elektronisch erteilt werden. Bitte wenden Sie sich zur Auskunftserteilung an: Philipp M\u00fchlleitnerstaatl. gepr\u00fcfter ErgotherapeutRegensburger Str. 11092318 Neumarkt in der Oberpfalz Telefon: 09181 \/ 406 110 8Mobil: 0151 \/ 552 367 45 Email: in&#102;&#111;&#64;&#101;r&#103;&#111;t&#104;e&#114;a&#112;&#105;&#101;&#45;&#109;u&#101;&#104;l&#108;eitner.de<\/p>\n","protected":false},"author":3,"featured_media":0,"parent":0,"menu_order":0,"comment_status":"closed","ping_status":"closed","template":"","meta":{"footnotes":""},"class_list":["post-106","page","type-page","status-publish","hentry"],"_links":{"self":[{"href":"https:\/\/ergotherapie-muehlleitner.de\/wp_em\/wp-json\/wp\/v2\/pages\/106","targetHints":{"allow":["GET"]}}],"collection":[{"href":"https:\/\/ergotherapie-muehlleitner.de\/wp_em\/wp-json\/wp\/v2\/pages"}],"about":[{"href":"https:\/\/ergotherapie-muehlleitner.de\/wp_em\/wp-json\/wp\/v2\/types\/page"}],"author":[{"embeddable":true,"href":"https:\/\/ergotherapie-muehlleitner.de\/wp_em\/wp-json\/wp\/v2\/users\/3"}],"replies":[{"embeddable":true,"href":"https:\/\/ergotherapie-muehlleitner.de\/wp_em\/wp-json\/wp\/v2\/comments?post=106"}],"version-history":[{"count":4,"href":"https:\/\/ergotherapie-muehlleitner.de\/wp_em\/wp-json\/wp\/v2\/pages\/106\/revisions"}],"predecessor-version":[{"id":514,"href":"https:\/\/ergotherapie-muehlleitner.de\/wp_em\/wp-json\/wp\/v2\/pages\/106\/revisions\/514"}],"wp:attachment":[{"href":"https:\/\/ergotherapie-muehlleitner.de\/wp_em\/wp-json\/wp\/v2\/media?parent=106"}],"curies":[{"name":"wp","href":"https:\/\/api.w.org\/{rel}","templated":true}]}}