{"id":104,"date":"2021-08-10T17:23:49","date_gmt":"2021-08-10T15:23:49","guid":{"rendered":"https:\/\/ergotherapie-muehlleitner.de\/wp_em\/?page_id=104"},"modified":"2025-10-16T12:10:21","modified_gmt":"2025-10-16T10:10:21","slug":"impressum","status":"publish","type":"page","link":"https:\/\/ergotherapie-muehlleitner.de\/wp_em\/impressum\/","title":{"rendered":"Impressum"},"content":{"rendered":"<p style=\"text-align: center;\"><strong>Ergotherapiepraxis M\u00fchlleitner<br \/>\n<\/strong>Regensburgerstra\u00dfe. 110<br \/>\n92318 Neumarkt in der Oberpfalz<\/p>\n<p style=\"text-align: center;\"><strong>Gesch\u00e4ftsf\u00fchrung<\/strong><br \/>\nPhilipp M\u00fchlleitner<br \/>\nstaatl. gepr\u00fcfter Ergotherapeut<\/p>\n<p style=\"text-align: center;\"><strong>Telefonnummer<br \/>\n<\/strong>09181 \/ 406 110 8<\/p>\n<p style=\"text-align: center;\"><strong>E-Mail<br \/>\n<\/strong><a href=\"javascript:DeCryptX('1j1o3i0o3C0e3u0g0o0t3k3h0r0a1q1j3h1.0m3x3h3k1m0l3h3l2v1o2g0r311e3h')\">&#105;&#110;fo&#64;e&#114;&#103;other&#97;&#112;&#105;&#101;&#45;&#109;&#117;&#101;hl&#108;e&#105;&#116;&#110;&#101;&#114;.&#100;&#101;<\/a><\/p>\n<p style=\"text-align: center;\"><strong>Registereintragungen<br \/>\n<\/strong>Sitz der Gesellschaft ist Neumarkt<br \/>\nRegistergericht: Amtsgericht N\u00fcrnberg HRB<\/p>\n<p style=\"text-align: center;\"><strong>Inhaltlich Verantwortlicher gem\u00e4\u00df \u00a76 MDStV und im Sinne des Presserechts<\/strong><br \/>\nErgotherapiepraxis M\u00fchlleitner<\/p>\n<p style=\"text-align: center;\"><strong>HAFTUNGSAUSSCHLUSS<\/strong><\/p>\n<p style=\"text-align: center;\">Die in unserem Internetangebot enthaltenen Angaben und Informationen wurden sorgf\u00e4ltig recherchiert und gepr\u00fcft. Wir bem\u00fchen uns, dieses Informationsangebot stetig zu erweitern und aktuell zu halten. F\u00fcr Richtigkeit, Vollst\u00e4ndigkeit und Aktualit\u00e4t k\u00f6nnen wir jedoch keine Haftung, Garantie oder Gew\u00e4hr \u00fcbernehmen.<br \/>\nDies gilt auch f\u00fcr Internet-Seiten auf die diese Webseite direkt oder indirekt verweist. F\u00fcr die Inhalte der verlinkten Seiten ist deren Betreiber zust\u00e4ndig. Wir \u00fcbernehmen ausdr\u00fccklich keinerlei Verantwortung daf\u00fcr. Wir distanzieren uns hiermit von allen Inhalten aller gelinkten Seiten dieser Homepage inklusive aller Unterseiten. Dies gilt auch f\u00fcr deren Links und Banner.<\/p>\n<p>Verbindliche Aussagen zu unseren Angeboten k\u00f6nnen nur auf konkrete Anfragen hin abgegeben werden. Unsere Angebote sind freibleibend. Wir behalten uns vor, ohne vorherige Ank\u00fcndigung \u00e4nderungen oder Erg\u00e4nzungen der bereitgestellten Informationen vorzunehmen.<\/p>\n<p style=\"text-align: center;\"><strong>URHEBER- UND SCHUTZRECHTE, BILDRECHTE<\/strong><\/p>\n<p style=\"text-align: center;\">Inhalt (Texte und Bilder, sowie deren Gestaltung) dieser Internetseite(n) sind urheberrechtlich gesch\u00fctzt. Eine Verwendung bedarf unserer vorherigen Zustimmung. Kopieren und verwenden ist daher ohne vorherige Anfrage und Genehmigung unzul\u00e4ssig und strafbar.<\/p>\n","protected":false},"excerpt":{"rendered":"<p>Ergotherapiepraxis M\u00fchlleitner Regensburgerstra\u00dfe. 110 92318 Neumarkt in der Oberpfalz Gesch\u00e4ftsf\u00fchrung Philipp M\u00fchlleitner staatl. gepr\u00fcfter Ergotherapeut Telefonnummer 09181 \/ 406 110 8 E-Mail i&#110;&#102;o&#64;e&#114;got&#104;&#101;&#114;api&#101;-&#109;u&#101;h&#108;l&#101;itn&#101;r.&#100;e Registereintragungen Sitz der Gesellschaft ist Neumarkt Registergericht: Amtsgericht N\u00fcrnberg HRB Inhaltlich Verantwortlicher gem\u00e4\u00df \u00a76 MDStV und im Sinne des Presserechts Ergotherapiepraxis M\u00fchlleitner HAFTUNGSAUSSCHLUSS Die in unserem Internetangebot enthaltenen Angaben und Informationen wurden sorgf\u00e4ltig recherchiert und gepr\u00fcft. Wir bem\u00fchen uns, dieses Informationsangebot stetig zu erweitern und aktuell zu halten. F\u00fcr Richtigkeit, Vollst\u00e4ndigkeit und Aktualit\u00e4t k\u00f6nnen wir jedoch keine Haftung, Garantie oder Gew\u00e4hr \u00fcbernehmen. Dies gilt auch f\u00fcr Internet-Seiten auf die diese Webseite direkt oder indirekt verweist. F\u00fcr die Inhalte der verlinkten Seiten ist deren Betreiber zust\u00e4ndig. Wir \u00fcbernehmen ausdr\u00fccklich keinerlei Verantwortung daf\u00fcr. Wir distanzieren uns hiermit von allen Inhalten aller gelinkten Seiten dieser Homepage inklusive aller Unterseiten. Dies gilt auch f\u00fcr deren Links und Banner. Verbindliche Aussagen zu unseren Angeboten k\u00f6nnen nur auf konkrete Anfragen hin abgegeben werden. Unsere Angebote sind freibleibend. Wir behalten uns vor, ohne vorherige Ank\u00fcndigung \u00e4nderungen oder Erg\u00e4nzungen der bereitgestellten Informationen vorzunehmen. URHEBER- UND SCHUTZRECHTE, BILDRECHTE Inhalt (Texte und Bilder, sowie deren Gestaltung) dieser Internetseite(n) sind urheberrechtlich gesch\u00fctzt. Eine Verwendung bedarf unserer vorherigen Zustimmung. Kopieren und verwenden ist daher ohne vorherige Anfrage und Genehmigung unzul\u00e4ssig und strafbar.<\/p>\n","protected":false},"author":3,"featured_media":0,"parent":0,"menu_order":0,"comment_status":"closed","ping_status":"closed","template":"","meta":{"footnotes":""},"class_list":["post-104","page","type-page","status-publish","hentry"],"_links":{"self":[{"href":"https:\/\/ergotherapie-muehlleitner.de\/wp_em\/wp-json\/wp\/v2\/pages\/104","targetHints":{"allow":["GET"]}}],"collection":[{"href":"https:\/\/ergotherapie-muehlleitner.de\/wp_em\/wp-json\/wp\/v2\/pages"}],"about":[{"href":"https:\/\/ergotherapie-muehlleitner.de\/wp_em\/wp-json\/wp\/v2\/types\/page"}],"author":[{"embeddable":true,"href":"https:\/\/ergotherapie-muehlleitner.de\/wp_em\/wp-json\/wp\/v2\/users\/3"}],"replies":[{"embeddable":true,"href":"https:\/\/ergotherapie-muehlleitner.de\/wp_em\/wp-json\/wp\/v2\/comments?post=104"}],"version-history":[{"count":3,"href":"https:\/\/ergotherapie-muehlleitner.de\/wp_em\/wp-json\/wp\/v2\/pages\/104\/revisions"}],"predecessor-version":[{"id":515,"href":"https:\/\/ergotherapie-muehlleitner.de\/wp_em\/wp-json\/wp\/v2\/pages\/104\/revisions\/515"}],"wp:attachment":[{"href":"https:\/\/ergotherapie-muehlleitner.de\/wp_em\/wp-json\/wp\/v2\/media?parent=104"}],"curies":[{"name":"wp","href":"https:\/\/api.w.org\/{rel}","templated":true}]}}